{"id":53,"date":"2024-10-03T12:12:49","date_gmt":"2024-10-03T10:12:49","guid":{"rendered":"https:\/\/carmin-formation.fr\/?page_id=53"},"modified":"2024-10-25T09:25:08","modified_gmt":"2024-10-25T07:25:08","slug":"nos-formations","status":"publish","type":"page","link":"https:\/\/carmin-formation.fr\/?page_id=53","title":{"rendered":"Nos formations"},"content":{"rendered":"\n<h2 class=\"wp-block-heading\">Voici quelques exemples de formations anim\u00e9es. N&rsquo;h\u00e9sitez pas \u00e0 nous contacter si vous souhaitez les d\u00e9velopper dans votre structure.<\/h2>\n\n\n\n<ul class=\"wp-block-list\">\n<li>Mise \u00e0 niveau en grammaire<\/li>\n\n\n\n<li>Orthographe et expression \u00e9crite (Projet Voltaire)<\/li>\n\n\n\n<li>Expression orale<\/li>\n\n\n\n<li>Communication et conduite d&rsquo;entretien<\/li>\n\n\n\n<li>Communication interne et externe<\/li>\n\n\n\n<li>Prendre la parole en public dans le cadre professionnel<\/li>\n\n\n\n<li>La sanction en \u00e9tablissement scolaire : de la loi \u00e0 la bienveillance<\/li>\n\n\n\n<li>Le langage oral : un levier pour mieux penser, communiquer et coop\u00e9rer<\/li>\n\n\n\n<li>La voix de l&rsquo;enseignant<\/li>\n\n\n\n<li>Le RGPD en \u00e9tablissement scolaire<\/li>\n\n\n\n<li>Conduire des projets d&rsquo;animation en vie scolaire<\/li>\n\n\n\n<li>Relation avec les familles : comment communiquer, accueillir, rassurer et g\u00e9rer les conflits<\/li>\n\n\n\n<li>Accompagner les \u00e9l\u00e8ves au travail (vie scolaire)<\/li>\n\n\n\n<li>Surveiller et s\u00e9curiser (vie scolaire)<\/li>\n\n\n\n<li>Culture g\u00e9n\u00e9rale et artistique (niveau Bachelor)<\/li>\n\n\n\n<li>Culture audiovisuelle et artistique (niveau BTS)<\/li>\n<\/ul>\n\n\n\n<div style=\"height:100px\" aria-hidden=\"true\" class=\"wp-block-spacer\"><\/div>\n\n\n\n<p class=\"has-text-align-center\">Pour nous contacter par mail, cliquez sur l&rsquo;image :<\/p>\n\n\n\n<figure class=\"wp-block-image aligncenter size-full is-resized\"><a href=\"https:\/\/carmin-formation.fr\/?page_id=77\"><img loading=\"lazy\" decoding=\"async\" width=\"640\" height=\"480\" src=\"https:\/\/carmin-formation.fr\/wp-content\/uploads\/2024\/10\/spider-monkey-637062_640.jpg\" alt=\"\" class=\"wp-image-67\" style=\"width:198px;height:auto\" srcset=\"https:\/\/carmin-formation.fr\/wp-content\/uploads\/2024\/10\/spider-monkey-637062_640.jpg 640w, https:\/\/carmin-formation.fr\/wp-content\/uploads\/2024\/10\/spider-monkey-637062_640-300x225.jpg 300w\" sizes=\"auto, (max-width: 640px) 100vw, 640px\" \/><\/a><\/figure>\n","protected":false},"excerpt":{"rendered":"<p>Voici quelques exemples de formations anim\u00e9es. N&rsquo;h\u00e9sitez pas \u00e0 nous contacter si vous souhaitez les d\u00e9velopper dans votre structure. Pour nous contacter par mail, cliquez sur l&rsquo;image :<\/p>\n","protected":false},"author":1,"featured_media":54,"parent":0,"menu_order":0,"comment_status":"closed","ping_status":"closed","template":"","meta":{"footnotes":""},"class_list":["post-53","page","type-page","status-publish","has-post-thumbnail","hentry"],"_links":{"self":[{"href":"https:\/\/carmin-formation.fr\/index.php?rest_route=\/wp\/v2\/pages\/53","targetHints":{"allow":["GET"]}}],"collection":[{"href":"https:\/\/carmin-formation.fr\/index.php?rest_route=\/wp\/v2\/pages"}],"about":[{"href":"https:\/\/carmin-formation.fr\/index.php?rest_route=\/wp\/v2\/types\/page"}],"author":[{"embeddable":true,"href":"https:\/\/carmin-formation.fr\/index.php?rest_route=\/wp\/v2\/users\/1"}],"replies":[{"embeddable":true,"href":"https:\/\/carmin-formation.fr\/index.php?rest_route=%2Fwp%2Fv2%2Fcomments&post=53"}],"version-history":[{"count":12,"href":"https:\/\/carmin-formation.fr\/index.php?rest_route=\/wp\/v2\/pages\/53\/revisions"}],"predecessor-version":[{"id":88,"href":"https:\/\/carmin-formation.fr\/index.php?rest_route=\/wp\/v2\/pages\/53\/revisions\/88"}],"wp:featuredmedia":[{"embeddable":true,"href":"https:\/\/carmin-formation.fr\/index.php?rest_route=\/wp\/v2\/media\/54"}],"wp:attachment":[{"href":"https:\/\/carmin-formation.fr\/index.php?rest_route=%2Fwp%2Fv2%2Fmedia&parent=53"}],"curies":[{"name":"wp","href":"https:\/\/api.w.org\/{rel}","templated":true}]}}