{"id":2,"date":"2024-08-23T10:02:41","date_gmt":"2024-08-23T08:02:41","guid":{"rendered":"http:\/\/carmin-formation.fr\/?page_id=2"},"modified":"2024-08-23T10:02:41","modified_gmt":"2024-08-23T08:02:41","slug":"page-d-exemple","status":"publish","type":"page","link":"https:\/\/carmin-formation.fr\/?page_id=2","title":{"rendered":"Pour ceux qui ont d\u00e9j\u00e0 cliqu\u00e9&#8230;"},"content":{"rendered":"\n<p>Carmin formation est une jeune soci\u00e9t\u00e9 dont les missions sont d&rsquo;agir dans le domaine de la formation initiale et continue, en particulier dans le monde de l&rsquo;enseignement, et de proposer des accompagnements, du coaching.<\/p>\n\n\n\n<blockquote class=\"wp-block-quote is-layout-flow wp-block-quote-is-layout-flow\">\n<p>Prochainement vous en saurez davantage&#8230;<\/p>\n<\/blockquote>\n\n\n\n<p>Revenez vite !<\/p>\n\n\n\n<p><\/p>\n","protected":false},"excerpt":{"rendered":"<p>Carmin formation est une jeune soci\u00e9t\u00e9 dont les missions sont d&rsquo;agir dans le domaine de la formation initiale et continue, en particulier dans le monde de l&rsquo;enseignement, et de proposer des accompagnements, du coaching. Prochainement vous en saurez davantage&#8230; Revenez vite !<\/p>\n","protected":false},"author":1,"featured_media":0,"parent":0,"menu_order":0,"comment_status":"closed","ping_status":"open","template":"","meta":{"footnotes":""},"class_list":["post-2","page","type-page","status-publish","hentry"],"_links":{"self":[{"href":"https:\/\/carmin-formation.fr\/index.php?rest_route=\/wp\/v2\/pages\/2","targetHints":{"allow":["GET"]}}],"collection":[{"href":"https:\/\/carmin-formation.fr\/index.php?rest_route=\/wp\/v2\/pages"}],"about":[{"href":"https:\/\/carmin-formation.fr\/index.php?rest_route=\/wp\/v2\/types\/page"}],"author":[{"embeddable":true,"href":"https:\/\/carmin-formation.fr\/index.php?rest_route=\/wp\/v2\/users\/1"}],"replies":[{"embeddable":true,"href":"https:\/\/carmin-formation.fr\/index.php?rest_route=%2Fwp%2Fv2%2Fcomments&post=2"}],"version-history":[{"count":2,"href":"https:\/\/carmin-formation.fr\/index.php?rest_route=\/wp\/v2\/pages\/2\/revisions"}],"predecessor-version":[{"id":45,"href":"https:\/\/carmin-formation.fr\/index.php?rest_route=\/wp\/v2\/pages\/2\/revisions\/45"}],"wp:attachment":[{"href":"https:\/\/carmin-formation.fr\/index.php?rest_route=%2Fwp%2Fv2%2Fmedia&parent=2"}],"curies":[{"name":"wp","href":"https:\/\/api.w.org\/{rel}","templated":true}]}}